{"id":3640,"date":"2023-07-08T13:57:54","date_gmt":"2023-07-08T11:57:54","guid":{"rendered":"https:\/\/weddingindenmark.dk\/?page_id=3640"},"modified":"2024-10-24T08:56:52","modified_gmt":"2024-10-24T06:56:52","slug":"ceremony-officiant-service","status":"publish","type":"page","link":"https:\/\/weddingindenmark.dk\/de\/ceremony-officiant-service\/","title":{"rendered":"Ceremony officiant service"},"content":{"rendered":"\n<div class=\"wp-block-cover alignwide is-light\" style=\"min-height:800px;aspect-ratio:unset;\"><span aria-hidden=\"true\" class=\"wp-block-cover__background has-background-dim-0 has-background-dim\"><\/span><img loading=\"lazy\" decoding=\"async\" width=\"5824\" height=\"3882\" data-attachment-id=\"2997\" data-permalink=\"https:\/\/weddingindenmark.dk\/de\/bbb00113\/\" data-orig-file=\"https:\/\/weddingindenmark.dk\/wp-content\/uploads\/2023\/05\/BBB00113-2461039850-e1684180308759.jpg\" data-orig-size=\"5824,3882\" data-comments-opened=\"1\" data-image-meta=\"{&quot;aperture&quot;:&quot;0&quot;,&quot;credit&quot;:&quot;&quot;,&quot;camera&quot;:&quot;&quot;,&quot;caption&quot;:&quot;&quot;,&quot;created_timestamp&quot;:&quot;0&quot;,&quot;copyright&quot;:&quot;&quot;,&quot;focal_length&quot;:&quot;0&quot;,&quot;iso&quot;:&quot;0&quot;,&quot;shutter_speed&quot;:&quot;0&quot;,&quot;title&quot;:&quot;&quot;,&quot;orientation&quot;:&quot;0&quot;}\" data-image-title=\"BBB00113\" data-image-description=\"&lt;p&gt;The image shows a romantic outdoor wedding ceremony taking place by the water. The bride, dressed in a white gown and holding a bouquet, stands opposite the groom in a dark suit. Between them, the officiant reads from a book under a simple floral arch. Guests are seated on both sides, watching the ceremony. In the background, modern buildings and clear blue skies reflect beautifully on the calm water, creating a serene and picturesque setting.&lt;\/p&gt;\n\" data-image-caption=\"\" data-large-file=\"https:\/\/weddingindenmark.dk\/wp-content\/uploads\/2023\/05\/BBB00113-2461039850-e1684180308759-1024x683.jpg\" class=\"wp-block-cover__image-background wp-image-2997\" alt=\"\" src=\"https:\/\/weddingindenmark.dk\/wp-content\/uploads\/2023\/05\/BBB00113-2461039850-e1684180308759.jpg\" data-object-fit=\"cover\" srcset=\"https:\/\/weddingindenmark.dk\/wp-content\/uploads\/2023\/05\/BBB00113-2461039850-e1684180308759.jpg 5824w, https:\/\/weddingindenmark.dk\/wp-content\/uploads\/2023\/05\/BBB00113-2461039850-e1684180308759-300x200.jpg 300w, https:\/\/weddingindenmark.dk\/wp-content\/uploads\/2023\/05\/BBB00113-2461039850-e1684180308759-1024x683.jpg 1024w, https:\/\/weddingindenmark.dk\/wp-content\/uploads\/2023\/05\/BBB00113-2461039850-e1684180308759-768x512.jpg 768w, https:\/\/weddingindenmark.dk\/wp-content\/uploads\/2023\/05\/BBB00113-2461039850-e1684180308759-1536x1024.jpg 1536w, https:\/\/weddingindenmark.dk\/wp-content\/uploads\/2023\/05\/BBB00113-2461039850-e1684180308759-2048x1365.jpg 2048w, https:\/\/weddingindenmark.dk\/wp-content\/uploads\/2023\/05\/BBB00113-2461039850-e1684180308759-18x12.jpg 18w, https:\/\/weddingindenmark.dk\/wp-content\/uploads\/2023\/05\/BBB00113-2461039850-e1684180308759-1200x800.jpg?crop=1 1200w, https:\/\/weddingindenmark.dk\/wp-content\/uploads\/2023\/05\/BBB00113-2461039850-e1684180308759-600x400.jpg 600w\" sizes=\"auto, (max-width: 5824px) 100vw, 5824px\" \/><div class=\"wp-block-cover__inner-container is-layout-flow wp-block-cover-is-layout-flow\">\n<h2 class=\"wp-block-heading alignwide has-contrast-color has-text-color\" style=\"font-size:clamp(24.034px, 1.502rem + ((1vw - 3.2px) * 1.247), 40px);text-transform:uppercase\"><strong>Ceremony officiant<\/strong><\/h2>\n\n\n\n<div class=\"wp-block-columns alignwide is-layout-flex wp-container-core-columns-is-layout-28f84493 wp-block-columns-is-layout-flex\">\n<div class=\"wp-block-column is-layout-flow wp-block-column-is-layout-flow\" style=\"flex-basis:55%\">\n<div style=\"height:100px\" aria-hidden=\"true\" class=\"wp-block-spacer\"><\/div>\n\n\n\n<div style=\"height:100px\" aria-hidden=\"true\" class=\"wp-block-spacer\"><\/div>\n\n\n\n<p class=\"has-contrast-color has-text-color has-small-font-size\">Photo: Oliver \u00d8rskov<\/p>\n<\/div>\n\n\n\n<div class=\"wp-block-column is-layout-flow wp-block-column-is-layout-flow\"><\/div>\n<\/div>\n<\/div><\/div>\n\n\n\n<div class=\"wp-block-group alignwide is-vertical is-layout-flex wp-container-core-group-is-layout-fe9cc265 wp-block-group-is-layout-flex\">\n<div class=\"wp-block-group alignwide has-contrast-background-color has-background is-vertical is-content-justification-center is-layout-flex wp-container-core-group-is-layout-7b6282a7 wp-block-group-is-layout-flex\" style=\"padding-top:var(--wp--preset--spacing--70);padding-right:var(--wp--preset--spacing--70);padding-bottom:var(--wp--preset--spacing--70);padding-left:var(--wp--preset--spacing--70)\">\n<p class=\"has-primary-color has-text-color has-medium-font-size\">Dreaming of a truly special ceremony to celebrate your love? At Wedding in Denmark, we create unforgettable moments with our skilled ceremony officiants. Whether you <strong>wish to renew your vows <\/strong>or celebrate your civil marriage with loved ones in a more romantic and personal way, we are here to craft a ceremony filled with warmth, intimacy, and your unique wishes. <\/p>\n\n\n\n<p class=\"has-primary-color has-text-color has-medium-font-size\">We work exclusively with the finest ceremony officiants \u2014 lawyers, marriage commissioners, and other seasoned professionals \u2014 ensuring that your ceremony meets the highest standards. We understand how important this day is for you, and we never compromise on quality. <\/p>\n\n\n\n<p class=\"has-primary-color has-text-color has-medium-font-size\">Our officiants can deliver your dream ceremony in Danish, English, German, or French, allowing you to choose the language that speaks to your heart. The result will be a beautiful and memorable ceremony that reflects your unique love story. <\/p>\n\n\n\n<p class=\"has-primary-color has-text-color has-medium-font-size\">Please note that our ceremonies are symbolic and not legally binding. It is your responsibility to ensure that an official marriage ceremony is conducted to meet the legal requirements in your country\u2014but we can, of course, assist with this as well. We are here to make your day truly special\u2014a day you will cherish and remember for a lifetime. Let us create the magic together and give you the ceremony you\u2019ve always dreamed of.<\/p>\n<\/div>\n<\/div>\n\n\n\n<figure class=\"wp-block-pullquote alignwide has-text-align-left has-medium-font-size\"><blockquote><p><em><strong>Role of the ceremony officiant:<br><\/strong><br><span style=\"text-decoration: underline;\">Rituals and ceremonial elements:<\/span> the ceremony officiant guides the couple and guests through the rituals and ceremonial elements typical of a wedding ceremony. This can include exchanging vows, exchanging rings, performing rituals and any other special ceremonial elements the couple wishes to include.<br><br><span style=\"text-decoration: underline;\">Personalised touch<\/span>: The officiant works closely with the couple to create a personal and meaningful ceremony. They get to know the couple, listen to their wishes and history, and use this knowledge to customise the ceremony to reflect the couple&#8217;s unique love story and values.<br><br><span style=\"text-decoration: underline;\">Speeches and guidance:<\/span> The officiant will often give a speech during the ceremony, sharing wisdom, love advice and reflections on marriage. They may also offer guidance to the couple on how to build a strong and lasting union.<br><br><span style=\"text-decoration: underline;\">Creating a comfortable atmosphere<\/span>: The officiant is responsible for creating an atmosphere of love, respect and celebration during the wedding ceremony. They make sure all elements and participants work together harmoniously and create a memorable experience for the couple and their guests.<\/em><\/p><\/blockquote><\/figure>\n\n\n\n<div class=\"wp-block-group alignwide has-contrast-background-color has-background is-vertical is-content-justification-center is-layout-flex wp-container-core-group-is-layout-7b6282a7 wp-block-group-is-layout-flex\" style=\"padding-top:var(--wp--preset--spacing--70);padding-right:var(--wp--preset--spacing--70);padding-bottom:var(--wp--preset--spacing--70);padding-left:var(--wp--preset--spacing--70)\">\n<p class=\"has-primary-color has-text-color has-medium-font-size\">With our online booking service, securing a ceremony officiant for your special day is quick and easy. As soon as we receive your booking, we\u2019ll begin organizing every detail to ensure a seamless experience. <\/p>\n\n\n\n<p class=\"has-primary-color has-text-color has-medium-font-size\">To better understand your vision for the ceremony, we\u2019ll send you a detailed questionnaire. This allows us to get to know your story, preferences, and wishes, enabling us to craft a truly personalized and meaningful ceremony that reflects you as a couple. <\/p>\n\n\n\n<p class=\"has-primary-color has-text-color has-medium-font-size\">After receiving your responses, we\u2019ll arrange an online meeting with one of our experienced ceremony officiant. This is your chance to discuss the specifics, make adjustments, and ensure every element aligns with your desires. <\/p>\n\n\n\n<p class=\"has-primary-color has-text-color has-medium-font-size\">To secure your ceremony officiant, simply book through our website. We\u2019ll review and confirm your booking within 24 hours on weekdays. Please note that availability is limited, and your booking is only confirmed once you receive a confirmation email from us.<\/p>\n\n\n\n<p class=\"has-primary-color has-text-color has-large-font-size\"><strong>Price: 1495 EURO<\/strong><\/p>\n\n\n<div data-block-name=\"woocommerce\/handpicked-products\" data-columns=\"1\" data-content-visibility=\"{&quot;image&quot;:false,&quot;title&quot;:false,&quot;price&quot;:false,&quot;rating&quot;:false,&quot;button&quot;:true}\" data-products=\"[3681]\" class=\"wc-block-grid wp-block-handpicked-products wp-block-woocommerce-handpicked-products wc-block-handpicked-products has-1-columns has-multiple-rows\"><ul class=\"wc-block-grid__products\"><li class=\"wc-block-grid__product\"><span class=\"gtm4wp_productdata\" style=\"display:none; visibility:hidden;\" data-gtm4wp_product_data=\"{&quot;internal_id&quot;:3681,&quot;item_id&quot;:3681,&quot;item_name&quot;:&quot;Ceremony Officiant&quot;,&quot;sku&quot;:3681,&quot;price&quot;:1495,&quot;stocklevel&quot;:null,&quot;stockstatus&quot;:&quot;instock&quot;,&quot;google_business_vertical&quot;:&quot;retail&quot;,&quot;item_category&quot;:&quot;&quot;,&quot;id&quot;:3681,&quot;productlink&quot;:&quot;https:\\\/\\\/weddingindenmark.dk\\\/de\\\/product\\\/ceremony-officiant-camilla\\\/&quot;,&quot;item_list_name&quot;:&quot;General Product List&quot;,&quot;index&quot;:0,&quot;product_type&quot;:&quot;simple&quot;,&quot;item_brand&quot;:&quot;&quot;}\"><\/span>\n\t\t\t\t<a href=\"https:\/\/weddingindenmark.dk\/de\/product\/ceremony-officiant-camilla\/\" class=\"wc-block-grid__product-link\">\n\t\t\t\t\t\n\t\t\t\t\t\n\t\t\t\t\t\n\t\t\t\t<\/a>\n\t\t\t\t\n\t\t\t\t\n\t\t\t\t<div class=\"wp-block-button wc-block-grid__product-add-to-cart\"><a href=\"\/de\/wp-json\/wp\/v2\/pages\/3640?add-to-cart=3681\" aria-label=\"In den Warenkorb legen: \u201eCeremony Officiant\u201c\" data-quantity=\"1\" data-product_id=\"3681\" data-product_sku=\"\" data-price=\"1495\" rel=\"nofollow\" class=\"wp-block-button__link wp-element-button add_to_cart_button ajax_add_to_cart\">In den Warenkorb<\/a><\/div>\n\t\t\t<\/li><\/ul><\/div><\/div>\n\n\n","protected":false},"excerpt":{"rendered":"<p>Dreaming of a truly special ceremony to celebrate your love? At Wedding in Denmark, we create unforgettable moments with our skilled ceremony officiants. Whether you wish to renew your vows or celebrate your civil marriage with loved ones in a more romantic and personal way, we are here to craft a ceremony filled with warmth, [&hellip;]<\/p>\n","protected":false},"author":231504052,"featured_media":0,"parent":0,"menu_order":0,"comment_status":"closed","ping_status":"closed","template":"top-and-bottom-subpage","meta":{"footnotes":""},"class_list":["post-3640","page","type-page","status-publish","hentry"],"featured_image_src":null,"yoast_head":"<!-- This site is optimized with the Yoast SEO Premium plugin v27.4 (Yoast SEO v27.5) - https:\/\/yoast.com\/product\/yoast-seo-premium-wordpress\/ -->\n<title>Ceremony officiant service - Wedding in Denmark<\/title>\n<meta name=\"description\" content=\"Plan Your Wedding in Denmark - We make the process of getting married in Denmark simple, stress-free, and unforgettable. Leave the paperwork to us and focus on making beautiful memories with your partner. Book now &amp; create unforgettable memories\" \/>\n<meta name=\"robots\" content=\"index, follow, max-snippet:-1, max-image-preview:large, max-video-preview:-1\" \/>\n<link rel=\"canonical\" href=\"https:\/\/weddingindenmark.dk\/de\/ceremony-officiant-service\/\" \/>\n<meta property=\"og:locale\" content=\"de_DE\" \/>\n<meta property=\"og:type\" content=\"article\" \/>\n<meta property=\"og:title\" content=\"Ceremony officiant service\" \/>\n<meta property=\"og:description\" content=\"Plan Your Wedding in Denmark - We make the process of getting married in Denmark simple, stress-free, and unforgettable. Leave the paperwork to us and focus on making beautiful memories with your partner. Book now &amp; create unforgettable memories\" \/>\n<meta property=\"og:url\" content=\"https:\/\/weddingindenmark.dk\/de\/ceremony-officiant-service\/\" \/>\n<meta property=\"og:site_name\" content=\"Wedding in Denmark\" \/>\n<meta property=\"article:modified_time\" content=\"2024-10-24T06:56:52+00:00\" \/>\n<meta property=\"og:image\" content=\"https:\/\/weddingindenmark.dk\/wp-content\/uploads\/2023\/05\/BBB00113-2461039850-e1684180308759.jpg\" \/>\n<meta name=\"twitter:card\" content=\"summary_large_image\" \/>\n<meta name=\"twitter:label1\" content=\"Gesch\u00e4tzte Lesezeit\" \/>\n\t<meta name=\"twitter:data1\" content=\"2\u00a0Minuten\" \/>\n<script type=\"application\/ld+json\" class=\"yoast-schema-graph\">{\"@context\":\"https:\\\/\\\/schema.org\",\"@graph\":[{\"@type\":\"WebPage\",\"@id\":\"https:\\\/\\\/weddingindenmark.dk\\\/ceremony-officiant-service\\\/\",\"url\":\"https:\\\/\\\/weddingindenmark.dk\\\/ceremony-officiant-service\\\/\",\"name\":\"Ceremony officiant service - Wedding in Denmark\",\"isPartOf\":{\"@id\":\"https:\\\/\\\/weddingindenmark.dk\\\/#website\"},\"primaryImageOfPage\":{\"@id\":\"https:\\\/\\\/weddingindenmark.dk\\\/ceremony-officiant-service\\\/#primaryimage\"},\"image\":{\"@id\":\"https:\\\/\\\/weddingindenmark.dk\\\/ceremony-officiant-service\\\/#primaryimage\"},\"thumbnailUrl\":\"https:\\\/\\\/weddingindenmark.dk\\\/wp-content\\\/uploads\\\/2023\\\/05\\\/BBB00113-2461039850-e1684180308759.jpg\",\"datePublished\":\"2023-07-08T11:57:54+00:00\",\"dateModified\":\"2024-10-24T06:56:52+00:00\",\"description\":\"Plan Your Wedding in Denmark - We make the process of getting married in Denmark simple, stress-free, and unforgettable. Leave the paperwork to us and focus on making beautiful memories with your partner. Book now & create unforgettable memories\",\"breadcrumb\":{\"@id\":\"https:\\\/\\\/weddingindenmark.dk\\\/ceremony-officiant-service\\\/#breadcrumb\"},\"inLanguage\":\"de\",\"potentialAction\":[{\"@type\":\"ReadAction\",\"target\":[\"https:\\\/\\\/weddingindenmark.dk\\\/ceremony-officiant-service\\\/\"]}]},{\"@type\":\"ImageObject\",\"inLanguage\":\"de\",\"@id\":\"https:\\\/\\\/weddingindenmark.dk\\\/ceremony-officiant-service\\\/#primaryimage\",\"url\":\"https:\\\/\\\/weddingindenmark.dk\\\/wp-content\\\/uploads\\\/2023\\\/05\\\/BBB00113-2461039850-e1684180308759.jpg\",\"contentUrl\":\"https:\\\/\\\/weddingindenmark.dk\\\/wp-content\\\/uploads\\\/2023\\\/05\\\/BBB00113-2461039850-e1684180308759.jpg\"},{\"@type\":\"BreadcrumbList\",\"@id\":\"https:\\\/\\\/weddingindenmark.dk\\\/ceremony-officiant-service\\\/#breadcrumb\",\"itemListElement\":[{\"@type\":\"ListItem\",\"position\":1,\"name\":\"Home\",\"item\":\"https:\\\/\\\/weddingindenmark.dk\\\/\"},{\"@type\":\"ListItem\",\"position\":2,\"name\":\"Ceremony officiant service\"}]},{\"@type\":\"WebSite\",\"@id\":\"https:\\\/\\\/weddingindenmark.dk\\\/#website\",\"url\":\"https:\\\/\\\/weddingindenmark.dk\\\/\",\"name\":\"Wedding in Denmark\",\"description\":\"Best choice for international couples\",\"publisher\":{\"@id\":\"https:\\\/\\\/weddingindenmark.dk\\\/#organization\"},\"potentialAction\":[{\"@type\":\"SearchAction\",\"target\":{\"@type\":\"EntryPoint\",\"urlTemplate\":\"https:\\\/\\\/weddingindenmark.dk\\\/?s={search_term_string}\"},\"query-input\":{\"@type\":\"PropertyValueSpecification\",\"valueRequired\":true,\"valueName\":\"search_term_string\"}}],\"inLanguage\":\"de\"},{\"@type\":\"Organization\",\"@id\":\"https:\\\/\\\/weddingindenmark.dk\\\/#organization\",\"name\":\"Wedding in Denmark\",\"alternateName\":\"Heiraten in D\u00e4nemark\",\"url\":\"https:\\\/\\\/weddingindenmark.dk\\\/\",\"logo\":{\"@type\":\"ImageObject\",\"inLanguage\":\"de\",\"@id\":\"https:\\\/\\\/weddingindenmark.dk\\\/#\\\/schema\\\/logo\\\/image\\\/\",\"url\":\"https:\\\/\\\/weddingindenmark.dk\\\/wp-content\\\/uploads\\\/2023\\\/03\\\/WID-black-large.png\",\"contentUrl\":\"https:\\\/\\\/weddingindenmark.dk\\\/wp-content\\\/uploads\\\/2023\\\/03\\\/WID-black-large.png\",\"width\":2396,\"height\":1328,\"caption\":\"Wedding in Denmark\"},\"image\":{\"@id\":\"https:\\\/\\\/weddingindenmark.dk\\\/#\\\/schema\\\/logo\\\/image\\\/\"}}]}<\/script>\n<!-- \/ Yoast SEO Premium plugin. -->","yoast_head_json":{"title":"Ceremony officiant service - Wedding in Denmark","description":"Planen Sie Ihre Hochzeit in D\u00e4nemark - Wir machen den Prozess des Heiratens in D\u00e4nemark einfach, stressfrei und unvergesslich. \u00dcberlassen Sie uns den Papierkram und konzentrieren Sie sich darauf, sch\u00f6ne Erinnerungen mit Ihrem Partner zu schaffen. Jetzt buchen &amp; unvergessliche Erinnerungen schaffen","robots":{"index":"index","follow":"follow","max-snippet":"max-snippet:-1","max-image-preview":"max-image-preview:large","max-video-preview":"max-video-preview:-1"},"canonical":"https:\/\/weddingindenmark.dk\/de\/ceremony-officiant-service\/","og_locale":"de_DE","og_type":"article","og_title":"Ceremony officiant service","og_description":"Plan Your Wedding in Denmark - We make the process of getting married in Denmark simple, stress-free, and unforgettable. Leave the paperwork to us and focus on making beautiful memories with your partner. Book now & create unforgettable memories","og_url":"https:\/\/weddingindenmark.dk\/de\/ceremony-officiant-service\/","og_site_name":"Wedding in Denmark","article_modified_time":"2024-10-24T06:56:52+00:00","og_image":[{"url":"https:\/\/weddingindenmark.dk\/wp-content\/uploads\/2023\/05\/BBB00113-2461039850-e1684180308759.jpg","type":"","width":"","height":""}],"twitter_card":"summary_large_image","twitter_misc":{"Gesch\u00e4tzte Lesezeit":"2\u00a0Minuten"},"schema":{"@context":"https:\/\/schema.org","@graph":[{"@type":"WebPage","@id":"https:\/\/weddingindenmark.dk\/ceremony-officiant-service\/","url":"https:\/\/weddingindenmark.dk\/ceremony-officiant-service\/","name":"Ceremony officiant service - Wedding in Denmark","isPartOf":{"@id":"https:\/\/weddingindenmark.dk\/#website"},"primaryImageOfPage":{"@id":"https:\/\/weddingindenmark.dk\/ceremony-officiant-service\/#primaryimage"},"image":{"@id":"https:\/\/weddingindenmark.dk\/ceremony-officiant-service\/#primaryimage"},"thumbnailUrl":"https:\/\/weddingindenmark.dk\/wp-content\/uploads\/2023\/05\/BBB00113-2461039850-e1684180308759.jpg","datePublished":"2023-07-08T11:57:54+00:00","dateModified":"2024-10-24T06:56:52+00:00","description":"Planen Sie Ihre Hochzeit in D\u00e4nemark - Wir machen den Prozess des Heiratens in D\u00e4nemark einfach, stressfrei und unvergesslich. \u00dcberlassen Sie uns den Papierkram und konzentrieren Sie sich darauf, sch\u00f6ne Erinnerungen mit Ihrem Partner zu schaffen. Jetzt buchen &amp; unvergessliche Erinnerungen schaffen","breadcrumb":{"@id":"https:\/\/weddingindenmark.dk\/ceremony-officiant-service\/#breadcrumb"},"inLanguage":"de","potentialAction":[{"@type":"ReadAction","target":["https:\/\/weddingindenmark.dk\/ceremony-officiant-service\/"]}]},{"@type":"ImageObject","inLanguage":"de","@id":"https:\/\/weddingindenmark.dk\/ceremony-officiant-service\/#primaryimage","url":"https:\/\/weddingindenmark.dk\/wp-content\/uploads\/2023\/05\/BBB00113-2461039850-e1684180308759.jpg","contentUrl":"https:\/\/weddingindenmark.dk\/wp-content\/uploads\/2023\/05\/BBB00113-2461039850-e1684180308759.jpg"},{"@type":"BreadcrumbList","@id":"https:\/\/weddingindenmark.dk\/ceremony-officiant-service\/#breadcrumb","itemListElement":[{"@type":"ListItem","position":1,"name":"Home","item":"https:\/\/weddingindenmark.dk\/"},{"@type":"ListItem","position":2,"name":"Ceremony officiant service"}]},{"@type":"WebSite","@id":"https:\/\/weddingindenmark.dk\/#website","url":"https:\/\/weddingindenmark.dk\/","name":"Wedding in Denmark","description":"Best choice for international couples","publisher":{"@id":"https:\/\/weddingindenmark.dk\/#organization"},"potentialAction":[{"@type":"SearchAction","target":{"@type":"EntryPoint","urlTemplate":"https:\/\/weddingindenmark.dk\/?s={search_term_string}"},"query-input":{"@type":"PropertyValueSpecification","valueRequired":true,"valueName":"search_term_string"}}],"inLanguage":"de"},{"@type":"Organization","@id":"https:\/\/weddingindenmark.dk\/#organization","name":"Wedding in Denmark","alternateName":"Heiraten in D\u00e4nemark","url":"https:\/\/weddingindenmark.dk\/","logo":{"@type":"ImageObject","inLanguage":"de","@id":"https:\/\/weddingindenmark.dk\/#\/schema\/logo\/image\/","url":"https:\/\/weddingindenmark.dk\/wp-content\/uploads\/2023\/03\/WID-black-large.png","contentUrl":"https:\/\/weddingindenmark.dk\/wp-content\/uploads\/2023\/03\/WID-black-large.png","width":2396,"height":1328,"caption":"Wedding in Denmark"},"image":{"@id":"https:\/\/weddingindenmark.dk\/#\/schema\/logo\/image\/"}}]}},"jetpack_likes_enabled":true,"jetpack_sharing_enabled":true,"jetpack_shortlink":"https:\/\/wp.me\/PezLF6-WI","jetpack-related-posts":[],"_links":{"self":[{"href":"https:\/\/weddingindenmark.dk\/de\/wp-json\/wp\/v2\/pages\/3640","targetHints":{"allow":["GET"]}}],"collection":[{"href":"https:\/\/weddingindenmark.dk\/de\/wp-json\/wp\/v2\/pages"}],"about":[{"href":"https:\/\/weddingindenmark.dk\/de\/wp-json\/wp\/v2\/types\/page"}],"author":[{"embeddable":true,"href":"https:\/\/weddingindenmark.dk\/de\/wp-json\/wp\/v2\/users\/231504052"}],"replies":[{"embeddable":true,"href":"https:\/\/weddingindenmark.dk\/de\/wp-json\/wp\/v2\/comments?post=3640"}],"version-history":[{"count":48,"href":"https:\/\/weddingindenmark.dk\/de\/wp-json\/wp\/v2\/pages\/3640\/revisions"}],"predecessor-version":[{"id":8122,"href":"https:\/\/weddingindenmark.dk\/de\/wp-json\/wp\/v2\/pages\/3640\/revisions\/8122"}],"wp:attachment":[{"href":"https:\/\/weddingindenmark.dk\/de\/wp-json\/wp\/v2\/media?parent=3640"}],"curies":[{"name":"wp","href":"https:\/\/api.w.org\/{rel}","templated":true}]}}