{"id":4284,"date":"2023-11-06T10:25:04","date_gmt":"2023-11-06T09:25:04","guid":{"rendered":"https:\/\/weddingindenmark.dk\/?post_type=product&#038;p=4284"},"modified":"2024-06-12T12:03:15","modified_gmt":"2024-06-12T10:03:15","slug":"sos-service","status":"publish","type":"product","link":"https:\/\/weddingindenmark.dk\/de\/product\/sos-service\/","title":{"rendered":"SOS - Beh\u00f6rden"},"content":{"rendered":"<div>Our SOS\u00a0Service is tailored for couples who have already initiated their application process with the Danish authorities. If you find yourself in a situation where the Danish authorities have requested additional information, documentation, or an interview, it&#8217;s not uncommon for this to be a confusing and overwhelming experience. Many couples are unsure about the next steps to take. That&#8217;s where we come in to assist you.<\/div>\n<div><\/div>\n<div>Here&#8217;s how our SOS Service can support you:<\/div>\n<ul dir=\"ltr\">\n<li>Provide us with the emails and letters you&#8217;ve received from the Danish authorities.<\/li>\n<li>Grant us power of attorney so we can manage your case with the Danish authorities on your behalf.<\/li>\n<li>We&#8217;ll conduct a thorough analysis to identify any issues and determine the necessary steps forward.<\/li>\n<li>Prepare and submit the requested documents or information to the Danish authorities.<\/li>\n<li>Keep you informed according to your preferred timeline.<\/li>\n<li>If needed, we can explore the possibility of relocating your case to a more convenient town hall.<\/li>\n<\/ul>\n<div>Rest assured that our team is dedicated to offering professional guidance and support throughout this process, ensuring a seamless experience for you and your partner.<\/div>\n<div><\/div>\n<div>Bitte beachten Sie: Die d\u00e4nische familienrechtliche Beh\u00f6rde verlangt zus\u00e4tzlich eine Bearbeitungsgeb\u00fchr von derzeit ca. 255\u20ac<\/div>","protected":false},"excerpt":{"rendered":"<p>Our SOS Service is designed for couples who have already started their application with Danish authorities and face confusion when requested additional information or interviews. We can assist by analyzing your case, handling documents, and offering professional guidance. We prioritize your preferred timeline and can even explore relocating your case for your convenience. Rest assured, we&#8217;re committed to providing a seamless experience for you and your partner.<\/p>","protected":false},"featured_media":0,"template":"","meta":{"jetpack_post_was_ever_published":false,"jetpack_publicize_message":"","jetpack_publicize_feature_enabled":true,"jetpack_social_post_already_shared":true,"jetpack_social_options":{"image_generator_settings":{"template":"highway","default_image_id":0,"font":"","enabled":false},"version":2},"_wpas_customize_per_network":false},"product_brand":[],"product_cat":[],"product_tag":[],"class_list":{"0":"post-4284","1":"product","2":"type-product","3":"status-publish","6":"first","7":"instock","8":"virtual","9":"taxable","10":"purchasable","11":"product-type-simple"},"yoast_head":"<!-- This site is optimized with the Yoast SEO Premium plugin v27.3 (Yoast SEO v27.3) - https:\/\/yoast.com\/product\/yoast-seo-premium-wordpress\/ -->\n<title>SOS Service - Wedding in Denmark<\/title>\n<meta name=\"description\" content=\"Simplify Your Wedding Planning with services - Our expert team takes care of all the paperwork and legal requirements for your wedding in Denmark. From venue selection to catering and decorations, we provide personalized guidance and support every step of the way. Say &#039;I Do&#039; stress-free and contact us to plan your dream wedding today\" \/>\n<meta name=\"robots\" content=\"index, follow, max-snippet:-1, max-image-preview:large, max-video-preview:-1\" \/>\n<link rel=\"canonical\" href=\"https:\/\/weddingindenmark.dk\/de\/produkt\/sos-service\/\" \/>\n<meta property=\"og:locale\" content=\"de_DE\" \/>\n<meta property=\"og:type\" content=\"article\" \/>\n<meta property=\"og:title\" content=\"SOS Service\" \/>\n<meta property=\"og:description\" content=\"Simplify Your Wedding Planning with services - Our expert team takes care of all the paperwork and legal requirements for your wedding in Denmark. From venue selection to catering and decorations, we provide personalized guidance and support every step of the way. Say &#039;I Do&#039; stress-free and contact us to plan your dream wedding today\" \/>\n<meta property=\"og:url\" content=\"https:\/\/weddingindenmark.dk\/de\/produkt\/sos-service\/\" \/>\n<meta property=\"og:site_name\" content=\"Wedding in Denmark\" \/>\n<meta property=\"article:modified_time\" content=\"2024-06-12T10:03:15+00:00\" \/>\n<meta property=\"og:image\" content=\"https:\/\/weddingindenmark.dk\/wp-content\/uploads\/2023\/03\/WID-black-square.jpg\" \/>\n\t<meta property=\"og:image:width\" content=\"1000\" \/>\n\t<meta property=\"og:image:height\" content=\"903\" \/>\n\t<meta property=\"og:image:type\" content=\"image\/jpeg\" \/>\n<meta name=\"twitter:card\" content=\"summary_large_image\" \/>\n<meta name=\"twitter:label1\" content=\"Gesch\u00e4tzte Lesezeit\" \/>\n\t<meta name=\"twitter:data1\" content=\"1\u00a0Minute\" \/>\n<script type=\"application\/ld+json\" class=\"yoast-schema-graph\">{\"@context\":\"https:\\\/\\\/schema.org\",\"@graph\":[{\"@type\":\"WebPage\",\"@id\":\"https:\\\/\\\/weddingindenmark.dk\\\/product\\\/sos-service\\\/\",\"url\":\"https:\\\/\\\/weddingindenmark.dk\\\/product\\\/sos-service\\\/\",\"name\":\"SOS Service - Wedding in Denmark\",\"isPartOf\":{\"@id\":\"https:\\\/\\\/weddingindenmark.dk\\\/#website\"},\"datePublished\":\"2023-11-06T09:25:04+00:00\",\"dateModified\":\"2024-06-12T10:03:15+00:00\",\"description\":\"Simplify Your Wedding Planning with services - Our expert team takes care of all the paperwork and legal requirements for your wedding in Denmark. From venue selection to catering and decorations, we provide personalized guidance and support every step of the way. Say 'I Do' stress-free and contact us to plan your dream wedding today\",\"breadcrumb\":{\"@id\":\"https:\\\/\\\/weddingindenmark.dk\\\/product\\\/sos-service\\\/#breadcrumb\"},\"inLanguage\":\"de\",\"potentialAction\":[{\"@type\":\"ReadAction\",\"target\":[\"https:\\\/\\\/weddingindenmark.dk\\\/product\\\/sos-service\\\/\"]}]},{\"@type\":\"BreadcrumbList\",\"@id\":\"https:\\\/\\\/weddingindenmark.dk\\\/product\\\/sos-service\\\/#breadcrumb\",\"itemListElement\":[{\"@type\":\"ListItem\",\"position\":1,\"name\":\"Home\",\"item\":\"https:\\\/\\\/weddingindenmark.dk\\\/\"},{\"@type\":\"ListItem\",\"position\":2,\"name\":\"Shop\",\"item\":\"https:\\\/\\\/weddingindenmark.dk\\\/shop\\\/\"},{\"@type\":\"ListItem\",\"position\":3,\"name\":\"SOS Service\"}]},{\"@type\":\"WebSite\",\"@id\":\"https:\\\/\\\/weddingindenmark.dk\\\/#website\",\"url\":\"https:\\\/\\\/weddingindenmark.dk\\\/\",\"name\":\"Wedding in Denmark\",\"description\":\"Best choice for international couples\",\"publisher\":{\"@id\":\"https:\\\/\\\/weddingindenmark.dk\\\/#organization\"},\"potentialAction\":[{\"@type\":\"SearchAction\",\"target\":{\"@type\":\"EntryPoint\",\"urlTemplate\":\"https:\\\/\\\/weddingindenmark.dk\\\/?s={search_term_string}\"},\"query-input\":{\"@type\":\"PropertyValueSpecification\",\"valueRequired\":true,\"valueName\":\"search_term_string\"}}],\"inLanguage\":\"de\"},{\"@type\":\"Organization\",\"@id\":\"https:\\\/\\\/weddingindenmark.dk\\\/#organization\",\"name\":\"Wedding in Denmark\",\"alternateName\":\"Heiraten in D\u00e4nemark\",\"url\":\"https:\\\/\\\/weddingindenmark.dk\\\/\",\"logo\":{\"@type\":\"ImageObject\",\"inLanguage\":\"de\",\"@id\":\"https:\\\/\\\/weddingindenmark.dk\\\/#\\\/schema\\\/logo\\\/image\\\/\",\"url\":\"https:\\\/\\\/weddingindenmark.dk\\\/wp-content\\\/uploads\\\/2023\\\/03\\\/WID-black-large.png\",\"contentUrl\":\"https:\\\/\\\/weddingindenmark.dk\\\/wp-content\\\/uploads\\\/2023\\\/03\\\/WID-black-large.png\",\"width\":2396,\"height\":1328,\"caption\":\"Wedding in Denmark\"},\"image\":{\"@id\":\"https:\\\/\\\/weddingindenmark.dk\\\/#\\\/schema\\\/logo\\\/image\\\/\"}}]}<\/script>\n<!-- \/ Yoast SEO Premium plugin. -->","yoast_head_json":{"title":"SOS Service - Wedding in Denmark","description":"Simplify Your Wedding Planning with services - Our expert team takes care of all the paperwork and legal requirements for your wedding in Denmark. From venue selection to catering and decorations, we provide personalized guidance and support every step of the way. Say 'I Do' stress-free and contact us to plan your dream wedding today","robots":{"index":"index","follow":"follow","max-snippet":"max-snippet:-1","max-image-preview":"max-image-preview:large","max-video-preview":"max-video-preview:-1"},"canonical":"https:\/\/weddingindenmark.dk\/de\/produkt\/sos-service\/","og_locale":"de_DE","og_type":"article","og_title":"SOS Service","og_description":"Simplify Your Wedding Planning with services - Our expert team takes care of all the paperwork and legal requirements for your wedding in Denmark. From venue selection to catering and decorations, we provide personalized guidance and support every step of the way. Say 'I Do' stress-free and contact us to plan your dream wedding today","og_url":"https:\/\/weddingindenmark.dk\/de\/produkt\/sos-service\/","og_site_name":"Wedding in Denmark","article_modified_time":"2024-06-12T10:03:15+00:00","og_image":[{"width":1000,"height":903,"url":"https:\/\/weddingindenmark.dk\/wp-content\/uploads\/2023\/03\/WID-black-square.jpg","type":"image\/jpeg"}],"twitter_card":"summary_large_image","twitter_misc":{"Gesch\u00e4tzte Lesezeit":"1\u00a0Minute"},"schema":{"@context":"https:\/\/schema.org","@graph":[{"@type":"WebPage","@id":"https:\/\/weddingindenmark.dk\/product\/sos-service\/","url":"https:\/\/weddingindenmark.dk\/product\/sos-service\/","name":"SOS Service - Wedding in Denmark","isPartOf":{"@id":"https:\/\/weddingindenmark.dk\/#website"},"datePublished":"2023-11-06T09:25:04+00:00","dateModified":"2024-06-12T10:03:15+00:00","description":"Simplify Your Wedding Planning with services - Our expert team takes care of all the paperwork and legal requirements for your wedding in Denmark. From venue selection to catering and decorations, we provide personalized guidance and support every step of the way. Say 'I Do' stress-free and contact us to plan your dream wedding today","breadcrumb":{"@id":"https:\/\/weddingindenmark.dk\/product\/sos-service\/#breadcrumb"},"inLanguage":"de","potentialAction":[{"@type":"ReadAction","target":["https:\/\/weddingindenmark.dk\/product\/sos-service\/"]}]},{"@type":"BreadcrumbList","@id":"https:\/\/weddingindenmark.dk\/product\/sos-service\/#breadcrumb","itemListElement":[{"@type":"ListItem","position":1,"name":"Home","item":"https:\/\/weddingindenmark.dk\/"},{"@type":"ListItem","position":2,"name":"Shop","item":"https:\/\/weddingindenmark.dk\/shop\/"},{"@type":"ListItem","position":3,"name":"SOS Service"}]},{"@type":"WebSite","@id":"https:\/\/weddingindenmark.dk\/#website","url":"https:\/\/weddingindenmark.dk\/","name":"Wedding in Denmark","description":"Best choice for international couples","publisher":{"@id":"https:\/\/weddingindenmark.dk\/#organization"},"potentialAction":[{"@type":"SearchAction","target":{"@type":"EntryPoint","urlTemplate":"https:\/\/weddingindenmark.dk\/?s={search_term_string}"},"query-input":{"@type":"PropertyValueSpecification","valueRequired":true,"valueName":"search_term_string"}}],"inLanguage":"de"},{"@type":"Organization","@id":"https:\/\/weddingindenmark.dk\/#organization","name":"Wedding in Denmark","alternateName":"Heiraten in D\u00e4nemark","url":"https:\/\/weddingindenmark.dk\/","logo":{"@type":"ImageObject","inLanguage":"de","@id":"https:\/\/weddingindenmark.dk\/#\/schema\/logo\/image\/","url":"https:\/\/weddingindenmark.dk\/wp-content\/uploads\/2023\/03\/WID-black-large.png","contentUrl":"https:\/\/weddingindenmark.dk\/wp-content\/uploads\/2023\/03\/WID-black-large.png","width":2396,"height":1328,"caption":"Wedding in Denmark"},"image":{"@id":"https:\/\/weddingindenmark.dk\/#\/schema\/logo\/image\/"}}]}},"jetpack_publicize_connections":[],"jetpack_likes_enabled":true,"jetpack_sharing_enabled":true,"jetpack-related-posts":[],"_links":{"self":[{"href":"https:\/\/weddingindenmark.dk\/de\/wp-json\/wp\/v2\/product\/4284","targetHints":{"allow":["GET"]}}],"collection":[{"href":"https:\/\/weddingindenmark.dk\/de\/wp-json\/wp\/v2\/product"}],"about":[{"href":"https:\/\/weddingindenmark.dk\/de\/wp-json\/wp\/v2\/types\/product"}],"wp:attachment":[{"href":"https:\/\/weddingindenmark.dk\/de\/wp-json\/wp\/v2\/media?parent=4284"}],"wp:term":[{"taxonomy":"product_brand","embeddable":true,"href":"https:\/\/weddingindenmark.dk\/de\/wp-json\/wp\/v2\/product_brand?post=4284"},{"taxonomy":"product_cat","embeddable":true,"href":"https:\/\/weddingindenmark.dk\/de\/wp-json\/wp\/v2\/product_cat?post=4284"},{"taxonomy":"product_tag","embeddable":true,"href":"https:\/\/weddingindenmark.dk\/de\/wp-json\/wp\/v2\/product_tag?post=4284"}],"curies":[{"name":"wp","href":"https:\/\/api.w.org\/{rel}","templated":true}]}}